{"id":2295,"date":"2024-08-14T11:13:04","date_gmt":"2024-08-14T09:13:04","guid":{"rendered":"https:\/\/www.villagaruti.it\/posizione\/"},"modified":"2024-08-14T17:39:49","modified_gmt":"2024-08-14T15:39:49","slug":"lage","status":"publish","type":"page","link":"https:\/\/www.villagaruti.it\/de\/lage\/","title":{"rendered":"Lage"},"content":{"rendered":"<section class=\"l-section wpb_row height_medium with_img\"><div class=\"l-section-img\" role=\"img\" data-img-width=\"1920\" data-img-height=\"1280\" style=\"background-image: url(https:\/\/www.villagaruti.it\/wp-content\/uploads\/2018\/10\/IMG_3225.jpg);background-repeat: no-repeat;\"><\/div><div class=\"l-section-h i-cf\"><div class=\"g-cols vc_row via_grid cols_1 laptops-cols_inherit tablets-cols_inherit mobiles-cols_1 valign_top type_default stacking_default\"><div class=\"wpb_column vc_column_container us_custom_ad22d5c8\"><div class=\"vc_column-inner\"><\/div><\/div><\/div><\/div><\/section><section class=\"l-section wpb_row height_large\"><div class=\"l-section-h i-cf\"><div class=\"g-cols vc_row via_grid cols_5-7 laptops-cols_inherit tablets-cols_inherit mobiles-cols_1 valign_top type_default stacking_default\"><div class=\"wpb_column vc_column_container\"><div class=\"vc_column-inner\"><h6 class=\"w-text\"><span class=\"w-text-h\"><span class=\"w-text-value\">4-STERNE-HOTEL PADENGHE SUL GARDA<\/span><\/span><\/h6><h1 class=\"w-text\"><span class=\"w-text-h\"><span class=\"w-text-value\">Lage<\/span><\/span><\/h1><h3 class=\"w-text us_custom_37b15231\"><span class=\"w-text-h\"><span class=\"w-text-value\">Ein paar Minuten Fahrt von Desenzano, Sirmione, Parks von Gardasee und Arena di Verona.<\/span><\/span><\/h3><\/div><\/div><div class=\"wpb_column vc_column_container us_animate_fade\" style=\"animation-delay:0.2s\"><div class=\"vc_column-inner\"><div class=\"w-separator size_custom\" style=\"height:35px\"><\/div><div class=\"wpb_text_column\"><div class=\"wpb_wrapper\"><p>Mit Blick auf den Hafen von Padenghe; dank der Lage in der N\u00e4he der Autobahnabfahrt von Desenzano del Garda g\u00fcnstig f\u00fcr Ausfl\u00fcge nach Kunstst\u00e4dten wie Verona, Mantua, Brescia und nach den Parks des Gardasees. Die St\u00e4dte Desenzano und Sirmione sind nur wenige Autominuten entfernt.<\/p>\n<\/div><\/div><\/div><\/div><\/div><\/div><\/section><section class=\"l-section wpb_row height_auto\"><div class=\"l-section-h i-cf\"><div class=\"g-cols vc_row via_grid cols_1 laptops-cols_inherit tablets-cols_inherit mobiles-cols_1 valign_top type_default stacking_default\"><div class=\"wpb_column vc_column_container\"><div class=\"vc_column-inner\"><div class=\"w-image us_custom_493ce737 us_animate_this align_center\"><div class=\"w-image-h\"><img decoding=\"async\" src=\"https:\/\/www.villagaruti.it\/wp-content\/uploads\/2024\/08\/divisoretorre.svg\" class=\"attachment-full size-full\" alt=\"\" loading=\"lazy\" \/><\/div><\/div><div class=\"w-separator size_small\"><\/div><div class=\"w-map provider_google us_custom_70b40c4d\" id=\"us_map_1\"><div class=\"w-map-inner\"><div class=\"w-map-json\" onclick='return {&quot;address&quot;:&quot;Via del Porto, 5, 25080 Padenghe Sul Garda BS&quot;,&quot;disableDragging&quot;:1,&quot;disableZoom&quot;:0,&quot;hideControls&quot;:0,&quot;zoom&quot;:12,&quot;markers&quot;:[{&quot;address&quot;:&quot;Via del Porto, 5, 25080 Padenghe Sul Garda BS&quot;,&quot;html&quot;:&quot;&lt;p&gt;&lt;strong&gt;VILLA GARUTI&lt;\\\/strong&gt;&lt;\\\/p&gt;\\nVia del porto, 5&lt;br&gt;\\n25080 - Padenghe sul Garda (BS)&quot;,&quot;infowindow&quot;:&quot;1&quot;}],&quot;maptype&quot;:&quot;ROADMAP&quot;}'><\/div><div class=\"w-map-style-json\" onclick='return [\n    {\n        \"featureType\": \"water\",\n        \"elementType\": \"geometry\",\n        \"stylers\": [\n            {\n                \"color\": \"#e9e9e9\"\n            },\n            {\n                \"lightness\": 17\n            }\n        ]\n    },\n    {\n        \"featureType\": \"landscape\",\n        \"elementType\": \"geometry\",\n        \"stylers\": [\n            {\n                \"color\": \"#f5f5f5\"\n            },\n            {\n                \"lightness\": 20\n            }\n        ]\n    },\n    {\n        \"featureType\": \"road.highway\",\n        \"elementType\": \"geometry.fill\",\n        \"stylers\": [\n            {\n                \"color\": \"#ffffff\"\n            },\n            {\n                \"lightness\": 17\n            }\n        ]\n    },\n    {\n        \"featureType\": \"road.highway\",\n        \"elementType\": \"geometry.stroke\",\n        \"stylers\": [\n            {\n                \"color\": \"#ffffff\"\n            },\n            {\n                \"lightness\": 29\n            },\n            {\n                \"weight\": 0.2\n            }\n        ]\n    },\n    {\n        \"featureType\": \"road.arterial\",\n        \"elementType\": \"geometry\",\n        \"stylers\": [\n            {\n                \"color\": \"#ffffff\"\n            },\n            {\n                \"lightness\": 18\n            }\n        ]\n    },\n    {\n        \"featureType\": \"road.local\",\n        \"elementType\": \"geometry\",\n        \"stylers\": [\n            {\n                \"color\": \"#ffffff\"\n            },\n            {\n                \"lightness\": 16\n            }\n        ]\n    },\n    {\n        \"featureType\": \"poi\",\n        \"elementType\": \"geometry\",\n        \"stylers\": [\n            {\n                \"color\": \"#f5f5f5\"\n            },\n            {\n                \"lightness\": 21\n            }\n        ]\n    },\n    {\n        \"featureType\": \"poi.park\",\n        \"elementType\": \"geometry\",\n        \"stylers\": [\n            {\n                \"color\": \"#dedede\"\n            },\n            {\n                \"lightness\": 21\n            }\n        ]\n    },\n    {\n        \"elementType\": \"labels.text.stroke\",\n        \"stylers\": [\n            {\n                \"visibility\": \"on\"\n            },\n            {\n                \"color\": \"#ffffff\"\n            },\n            {\n                \"lightness\": 16\n            }\n        ]\n    },\n    {\n        \"elementType\": \"labels.text.fill\",\n        \"stylers\": [\n            {\n                \"saturation\": 36\n            },\n            {\n                \"color\": \"#333333\"\n            },\n            {\n                \"lightness\": 40\n            }\n        ]\n    },\n    {\n        \"elementType\": \"labels.icon\",\n        \"stylers\": [\n            {\n                \"visibility\": \"off\"\n            }\n        ]\n    },\n    {\n        \"featureType\": \"transit\",\n        \"elementType\": \"geometry\",\n        \"stylers\": [\n            {\n                \"color\": \"#f2f2f2\"\n            },\n            {\n                \"lightness\": 19\n            }\n        ]\n    },\n    {\n        \"featureType\": \"administrative\",\n        \"elementType\": \"geometry.fill\",\n        \"stylers\": [\n            {\n                \"color\": \"#fefefe\"\n            },\n            {\n                \"lightness\": 20\n            }\n        ]\n    },\n    {\n        \"featureType\": \"administrative\",\n        \"elementType\": \"geometry.stroke\",\n        \"stylers\": [\n            {\n                \"color\": \"#fefefe\"\n            },\n            {\n                \"lightness\": 17\n            },\n            {\n                \"weight\": 1.2\n            }\n        ]\n    }\n]'><\/div><\/div><\/div><div class=\"w-separator size_medium\"><\/div><\/div><\/div><\/div><\/div><\/section><section class=\"l-section wpb_row height_small\"><div class=\"l-section-h i-cf\"><div class=\"g-cols vc_row via_grid cols_7-5 laptops-cols_inherit tablets-cols_inherit mobiles-cols_1 valign_middle type_default stacking_default\"><div class=\"wpb_column vc_column_container\"><div class=\"vc_column-inner\"><div class=\"w-slider us_custom_447bff20 style_none fit_cover nav_none has_border_radius has_ratio count_2\" style=\"--aspect-ratio: 4\/3;\"><div class=\"w-slider-h\"><div class=\"royalSlider\"><div class=\"rsContent\"><a class=\"rsImg\" data-rsw=\"1280\" data-rsh=\"853\" href=\"https:\/\/www.villagaruti.it\/wp-content\/uploads\/2018\/10\/2c05bf1d182490967cd2597a90d34f68.jpg\"><span data-alt=\"\"><\/span><\/a><\/div><div class=\"rsContent\"><a class=\"rsImg\" data-rsw=\"1280\" data-rsh=\"853\" href=\"https:\/\/www.villagaruti.it\/wp-content\/uploads\/2018\/10\/1280px-Vittoriale_teatro.jpg\"><span data-alt=\"\"><\/span><\/a><\/div><\/div><img decoding=\"async\" src=\"https:\/\/www.villagaruti.it\/wp-content\/uploads\/2018\/10\/2c05bf1d182490967cd2597a90d34f68.jpg\" width=\"1280\" height=\"853\" alt loading=\"lazy\"><\/div><div class=\"w-slider-json\" onclick='return {&quot;autoScaleSlider&quot;:false,&quot;addActiveClass&quot;:true,&quot;loop&quot;:true,&quot;fadeInLoadedSlide&quot;:false,&quot;slidesSpacing&quot;:0,&quot;imageScalePadding&quot;:0,&quot;numImagesToPreload&quot;:2,&quot;arrowsNav&quot;:true,&quot;arrowsNavAutoHide&quot;:false,&quot;transitionType&quot;:&quot;fade&quot;,&quot;transitionSpeed&quot;:700,&quot;block&quot;:{&quot;moveEffect&quot;:&quot;none&quot;,&quot;speed&quot;:300},&quot;thumbs&quot;:{&quot;fitInViewport&quot;:false,&quot;firstMargin&quot;:false,&quot;spacing&quot;:4},&quot;controlNavigation&quot;:&quot;none&quot;}'><\/div><\/div><\/div><\/div><div class=\"wpb_column vc_column_container\"><div class=\"vc_column-inner\"><h6 class=\"w-text\"><span class=\"w-text-h\"><span class=\"w-text-value\">TERRITORIE<\/span><\/span><\/h6><h2 class=\"w-text\"><span class=\"w-text-h\"><span class=\"w-text-value\">Kultur<\/span><\/span><\/h2><h3 class=\"w-text\"><span class=\"w-text-h\"><span class=\"w-text-value\">Ein paar Minuten mit dem Auto<\/span><\/span><\/h3><div class=\"wpb_text_column\"><div class=\"wpb_wrapper\"><ul>\n<li>Burg von Sirmione (13,4 km)<\/li>\n<li>Burg von Padenghe (2,5 km)<\/li>\n<li>Vittoriale degli Italiani (22,2 km)<\/li>\n<\/ul>\n<\/div><\/div><\/div><\/div><\/div><\/div><\/section><section class=\"l-section wpb_row height_small\"><div class=\"l-section-h i-cf\"><div class=\"g-cols vc_row via_grid cols_5-7 laptops-cols_inherit tablets-cols_inherit mobiles-cols_1 valign_middle type_default reversed stacking_default\"><div class=\"wpb_column vc_column_container\"><div class=\"vc_column-inner\"><h6 class=\"w-text\"><span class=\"w-text-h\"><span class=\"w-text-value\">TERRITORIE<\/span><\/span><\/h6><h2 class=\"w-text\"><span class=\"w-text-h\"><span class=\"w-text-value\">Sport e Relax<\/span><\/span><\/h2><h3 class=\"w-text\"><span class=\"w-text-h\"><span class=\"w-text-value\">Ein paar Minuten mit dem Auto<\/span><\/span><\/h3><div class=\"wpb_text_column\"><div class=\"wpb_wrapper\"><ul>\n<li>Aquarienbad (13,9 km)<\/li>\n<li>Golfpl\u00e4tze (Garda Golf 7,1 km, Arzaga 5,5 km, Cherv\u00f2 13,4 km)<\/li>\n<li>K\u00fcstenwanderung (Padenghe-Desenzano \/ Padenghe Moniga)<\/li>\n<\/ul>\n<\/div><\/div><div class=\"w-image align_none\"><a target=\" _blank\" rel=\"nofollow\" href=\"https:\/\/www.golfhotels.it\/\" aria-label=\"golfhotels-logo-neu\" class=\"w-image-h\"><img decoding=\"async\" width=\"315\" height=\"50\" src=\"https:\/\/www.villagaruti.it\/wp-content\/uploads\/2019\/11\/golfhotels-logo-neu.png\" class=\"attachment-full size-full\" alt=\"\" loading=\"lazy\" srcset=\"https:\/\/www.villagaruti.it\/wp-content\/uploads\/2019\/11\/golfhotels-logo-neu.png 315w, https:\/\/www.villagaruti.it\/wp-content\/uploads\/2019\/11\/golfhotels-logo-neu-300x48.png 300w\" sizes=\"auto, (max-width: 315px) 100vw, 315px\" \/><\/a><\/div><\/div><\/div><div class=\"wpb_column vc_column_container\"><div class=\"vc_column-inner\"><div class=\"w-slider us_custom_447bff20 style_none fit_cover nav_none has_border_radius has_ratio count_4\" style=\"--aspect-ratio: 4\/3;\"><div class=\"w-slider-h\"><div class=\"royalSlider\"><div class=\"rsContent\"><a class=\"rsImg\" data-rsw=\"1280\" data-rsh=\"853\" href=\"https:\/\/www.villagaruti.it\/wp-content\/uploads\/2018\/10\/964167.jpg\"><span data-alt=\"\"><\/span><\/a><\/div><div class=\"rsContent\"><a class=\"rsImg\" data-rsw=\"1280\" data-rsh=\"853\" href=\"https:\/\/www.villagaruti.it\/wp-content\/uploads\/2018\/10\/210-1.jpg\"><span data-alt=\"\"><\/span><\/a><\/div><div class=\"rsContent\"><a class=\"rsImg\" data-rsw=\"1277\" data-rsh=\"958\" href=\"https:\/\/www.villagaruti.it\/wp-content\/uploads\/2018\/10\/Passeggiata-Padenghe-Moniga.jpg\"><span data-alt=\"\"><\/span><\/a><\/div><div class=\"rsContent\"><a class=\"rsImg\" data-rsw=\"1024\" data-rsh=\"768\" href=\"https:\/\/www.villagaruti.it\/wp-content\/uploads\/2018\/10\/moniga_sentiero_madonna_neve_036.jpg\"><span data-alt=\"\"><\/span><\/a><\/div><\/div><img decoding=\"async\" src=\"https:\/\/www.villagaruti.it\/wp-content\/uploads\/2018\/10\/964167.jpg\" width=\"1280\" height=\"853\" alt loading=\"lazy\"><\/div><div class=\"w-slider-json\" onclick='return {&quot;autoScaleSlider&quot;:false,&quot;addActiveClass&quot;:true,&quot;loop&quot;:true,&quot;fadeInLoadedSlide&quot;:false,&quot;slidesSpacing&quot;:0,&quot;imageScalePadding&quot;:0,&quot;numImagesToPreload&quot;:2,&quot;arrowsNav&quot;:true,&quot;arrowsNavAutoHide&quot;:false,&quot;transitionType&quot;:&quot;fade&quot;,&quot;transitionSpeed&quot;:700,&quot;block&quot;:{&quot;moveEffect&quot;:&quot;none&quot;,&quot;speed&quot;:300},&quot;thumbs&quot;:{&quot;fitInViewport&quot;:false,&quot;firstMargin&quot;:false,&quot;spacing&quot;:4},&quot;controlNavigation&quot;:&quot;none&quot;}'><\/div><\/div><\/div><\/div><\/div><\/div><\/section><section class=\"l-section wpb_row height_small\"><div class=\"l-section-h i-cf\"><div class=\"g-cols vc_row via_grid cols_7-5 laptops-cols_inherit tablets-cols_inherit mobiles-cols_1 valign_middle type_default stacking_default\"><div class=\"wpb_column vc_column_container\"><div class=\"vc_column-inner\"><div class=\"w-slider us_custom_447bff20 style_none fit_cover nav_none has_border_radius has_ratio count_3\" style=\"--aspect-ratio: 4\/3;\"><div class=\"w-slider-h\"><div class=\"royalSlider\"><div class=\"rsContent\"><a class=\"rsImg\" data-rsw=\"1280\" data-rsh=\"853\" href=\"https:\/\/www.villagaruti.it\/wp-content\/uploads\/2018\/10\/IMG_1057-e1537794836207.jpg\"><span data-alt=\"\"><\/span><\/a><\/div><div class=\"rsContent\"><a class=\"rsImg\" data-rsw=\"1280\" data-rsh=\"853\" href=\"https:\/\/www.villagaruti.it\/wp-content\/uploads\/2018\/10\/b903c552-a408-4206-b43f-36111297e37c_large.jpg\"><span data-alt=\"\"><\/span><\/a><\/div><div class=\"rsContent\"><a class=\"rsImg\" data-rsw=\"1280\" data-rsh=\"853\" href=\"https:\/\/www.villagaruti.it\/wp-content\/uploads\/2018\/10\/1280px-Statua_di_Pippo_al_Parco_Natura_Viva_foto_di_Weimar_Thilo.jpg\"><span data-alt=\"\"><\/span><\/a><\/div><\/div><img decoding=\"async\" src=\"https:\/\/www.villagaruti.it\/wp-content\/uploads\/2018\/10\/IMG_1057-e1537794836207.jpg\" width=\"1280\" height=\"853\" alt loading=\"lazy\"><\/div><div class=\"w-slider-json\" onclick='return {&quot;autoScaleSlider&quot;:false,&quot;addActiveClass&quot;:true,&quot;loop&quot;:true,&quot;fadeInLoadedSlide&quot;:false,&quot;slidesSpacing&quot;:0,&quot;imageScalePadding&quot;:0,&quot;numImagesToPreload&quot;:2,&quot;arrowsNav&quot;:true,&quot;arrowsNavAutoHide&quot;:false,&quot;transitionType&quot;:&quot;fade&quot;,&quot;transitionSpeed&quot;:700,&quot;block&quot;:{&quot;moveEffect&quot;:&quot;none&quot;,&quot;speed&quot;:300},&quot;thumbs&quot;:{&quot;fitInViewport&quot;:false,&quot;firstMargin&quot;:false,&quot;spacing&quot;:4},&quot;controlNavigation&quot;:&quot;none&quot;}'><\/div><\/div><\/div><\/div><div class=\"wpb_column vc_column_container\"><div class=\"vc_column-inner\"><h6 class=\"w-text\"><span class=\"w-text-h\"><span class=\"w-text-value\">TERRITORIE<\/span><\/span><\/h6><h2 class=\"w-text\"><span class=\"w-text-h\"><span class=\"w-text-value\">Vergn\u00fcgungsparks am Gardasee<\/span><\/span><\/h2><h3 class=\"w-text\"><span class=\"w-text-h\"><span class=\"w-text-value\">Ein paar Minuten mit dem Auto<\/span><\/span><\/h3><div class=\"wpb_text_column\"><div class=\"wpb_wrapper\"><ul>\n<li>Parco Sigurt\u00e0 (31,8 km)<\/li>\n<li>Gardaland (25,1 km)<\/li>\n<li>Parco Natura Viva (32,5 km)<\/li>\n<\/ul>\n<\/div><\/div><\/div><\/div><\/div><\/div><\/section>\n","protected":false},"excerpt":{"rendered":"4-STERNE-HOTEL PADENGHE SUL GARDALageEin paar Minuten Fahrt von Desenzano, Sirmione, Parks von Gardasee und Arena di Verona.Mit Blick auf den Hafen von Padenghe; dank der Lage in der N\u00e4he der Autobahnabfahrt von Desenzano del Garda g\u00fcnstig f\u00fcr Ausfl\u00fcge nach Kunstst\u00e4dten wie Verona, Mantua, Brescia und nach den Parks des Gardasees. Die St\u00e4dte Desenzano und Sirmione...","protected":false},"author":1,"featured_media":955,"parent":0,"menu_order":0,"comment_status":"closed","ping_status":"closed","template":"","meta":{"inline_featured_image":false,"footnotes":""},"class_list":["post-2295","page","type-page","status-publish","has-post-thumbnail","hentry"],"yoast_head":"<!-- This site is optimized with the Yoast SEO plugin v26.8 - https:\/\/yoast.com\/product\/yoast-seo-wordpress\/ -->\n<title>Lage - Hotel Villa Garuti<\/title>\n<meta name=\"robots\" content=\"index, follow, max-snippet:-1, max-image-preview:large, max-video-preview:-1\" \/>\n<link rel=\"canonical\" href=\"https:\/\/www.villagaruti.it\/de\/lage\/\" \/>\n<meta property=\"og:locale\" content=\"de_DE\" \/>\n<meta property=\"og:type\" content=\"article\" \/>\n<meta property=\"og:title\" content=\"Lage - Hotel Villa Garuti\" \/>\n<meta property=\"og:url\" content=\"https:\/\/www.villagaruti.it\/de\/lage\/\" \/>\n<meta property=\"og:site_name\" content=\"Hotel Villa Garuti\" \/>\n<meta property=\"article:modified_time\" content=\"2024-08-14T15:39:49+00:00\" \/>\n<meta property=\"og:image\" content=\"https:\/\/www.villagaruti.it\/wp-content\/uploads\/2018\/10\/IMG_3225.jpg\" \/>\n\t<meta property=\"og:image:width\" content=\"1920\" \/>\n\t<meta property=\"og:image:height\" content=\"1280\" \/>\n\t<meta property=\"og:image:type\" content=\"image\/jpeg\" \/>\n<meta name=\"twitter:card\" content=\"summary_large_image\" \/>\n<meta name=\"twitter:label1\" content=\"Gesch\u00e4tzte Lesezeit\" \/>\n\t<meta name=\"twitter:data1\" content=\"2\u00a0Minuten\" \/>\n<script type=\"application\/ld+json\" class=\"yoast-schema-graph\">{\"@context\":\"https:\/\/schema.org\",\"@graph\":[{\"@type\":\"WebPage\",\"@id\":\"https:\/\/www.villagaruti.it\/de\/lage\/\",\"url\":\"https:\/\/www.villagaruti.it\/de\/lage\/\",\"name\":\"Lage - Hotel Villa Garuti\",\"isPartOf\":{\"@id\":\"https:\/\/www.villagaruti.it\/#website\"},\"primaryImageOfPage\":{\"@id\":\"https:\/\/www.villagaruti.it\/de\/lage\/#primaryimage\"},\"image\":{\"@id\":\"https:\/\/www.villagaruti.it\/de\/lage\/#primaryimage\"},\"thumbnailUrl\":\"https:\/\/www.villagaruti.it\/wp-content\/uploads\/2018\/10\/IMG_3225.jpg\",\"datePublished\":\"2024-08-14T09:13:04+00:00\",\"dateModified\":\"2024-08-14T15:39:49+00:00\",\"breadcrumb\":{\"@id\":\"https:\/\/www.villagaruti.it\/de\/lage\/#breadcrumb\"},\"inLanguage\":\"de\",\"potentialAction\":[{\"@type\":\"ReadAction\",\"target\":[\"https:\/\/www.villagaruti.it\/de\/lage\/\"]}]},{\"@type\":\"ImageObject\",\"inLanguage\":\"de\",\"@id\":\"https:\/\/www.villagaruti.it\/de\/lage\/#primaryimage\",\"url\":\"https:\/\/www.villagaruti.it\/wp-content\/uploads\/2018\/10\/IMG_3225.jpg\",\"contentUrl\":\"https:\/\/www.villagaruti.it\/wp-content\/uploads\/2018\/10\/IMG_3225.jpg\",\"width\":1920,\"height\":1280,\"caption\":\"4-Sterne-Hotel direkt am See\"},{\"@type\":\"BreadcrumbList\",\"@id\":\"https:\/\/www.villagaruti.it\/de\/lage\/#breadcrumb\",\"itemListElement\":[{\"@type\":\"ListItem\",\"position\":1,\"name\":\"Home\",\"item\":\"https:\/\/www.villagaruti.it\/de\/\"},{\"@type\":\"ListItem\",\"position\":2,\"name\":\"Lage\"}]},{\"@type\":\"WebSite\",\"@id\":\"https:\/\/www.villagaruti.it\/#website\",\"url\":\"https:\/\/www.villagaruti.it\/\",\"name\":\"Hotel Villa Garuti\",\"description\":\"Hotel Villa Garuti\",\"potentialAction\":[{\"@type\":\"SearchAction\",\"target\":{\"@type\":\"EntryPoint\",\"urlTemplate\":\"https:\/\/www.villagaruti.it\/?s={search_term_string}\"},\"query-input\":{\"@type\":\"PropertyValueSpecification\",\"valueRequired\":true,\"valueName\":\"search_term_string\"}}],\"inLanguage\":\"de\"}]}<\/script>\n<!-- \/ Yoast SEO plugin. -->","yoast_head_json":{"title":"Lage - Hotel Villa Garuti","robots":{"index":"index","follow":"follow","max-snippet":"max-snippet:-1","max-image-preview":"max-image-preview:large","max-video-preview":"max-video-preview:-1"},"canonical":"https:\/\/www.villagaruti.it\/de\/lage\/","og_locale":"de_DE","og_type":"article","og_title":"Lage - Hotel Villa Garuti","og_url":"https:\/\/www.villagaruti.it\/de\/lage\/","og_site_name":"Hotel Villa Garuti","article_modified_time":"2024-08-14T15:39:49+00:00","og_image":[{"width":1920,"height":1280,"url":"https:\/\/www.villagaruti.it\/wp-content\/uploads\/2018\/10\/IMG_3225.jpg","type":"image\/jpeg"}],"twitter_card":"summary_large_image","twitter_misc":{"Gesch\u00e4tzte Lesezeit":"2\u00a0Minuten"},"schema":{"@context":"https:\/\/schema.org","@graph":[{"@type":"WebPage","@id":"https:\/\/www.villagaruti.it\/de\/lage\/","url":"https:\/\/www.villagaruti.it\/de\/lage\/","name":"Lage - Hotel Villa Garuti","isPartOf":{"@id":"https:\/\/www.villagaruti.it\/#website"},"primaryImageOfPage":{"@id":"https:\/\/www.villagaruti.it\/de\/lage\/#primaryimage"},"image":{"@id":"https:\/\/www.villagaruti.it\/de\/lage\/#primaryimage"},"thumbnailUrl":"https:\/\/www.villagaruti.it\/wp-content\/uploads\/2018\/10\/IMG_3225.jpg","datePublished":"2024-08-14T09:13:04+00:00","dateModified":"2024-08-14T15:39:49+00:00","breadcrumb":{"@id":"https:\/\/www.villagaruti.it\/de\/lage\/#breadcrumb"},"inLanguage":"de","potentialAction":[{"@type":"ReadAction","target":["https:\/\/www.villagaruti.it\/de\/lage\/"]}]},{"@type":"ImageObject","inLanguage":"de","@id":"https:\/\/www.villagaruti.it\/de\/lage\/#primaryimage","url":"https:\/\/www.villagaruti.it\/wp-content\/uploads\/2018\/10\/IMG_3225.jpg","contentUrl":"https:\/\/www.villagaruti.it\/wp-content\/uploads\/2018\/10\/IMG_3225.jpg","width":1920,"height":1280,"caption":"4-Sterne-Hotel direkt am See"},{"@type":"BreadcrumbList","@id":"https:\/\/www.villagaruti.it\/de\/lage\/#breadcrumb","itemListElement":[{"@type":"ListItem","position":1,"name":"Home","item":"https:\/\/www.villagaruti.it\/de\/"},{"@type":"ListItem","position":2,"name":"Lage"}]},{"@type":"WebSite","@id":"https:\/\/www.villagaruti.it\/#website","url":"https:\/\/www.villagaruti.it\/","name":"Hotel Villa Garuti","description":"Hotel Villa Garuti","potentialAction":[{"@type":"SearchAction","target":{"@type":"EntryPoint","urlTemplate":"https:\/\/www.villagaruti.it\/?s={search_term_string}"},"query-input":{"@type":"PropertyValueSpecification","valueRequired":true,"valueName":"search_term_string"}}],"inLanguage":"de"}]}},"_links":{"self":[{"href":"https:\/\/www.villagaruti.it\/de\/wp-json\/wp\/v2\/pages\/2295","targetHints":{"allow":["GET"]}}],"collection":[{"href":"https:\/\/www.villagaruti.it\/de\/wp-json\/wp\/v2\/pages"}],"about":[{"href":"https:\/\/www.villagaruti.it\/de\/wp-json\/wp\/v2\/types\/page"}],"author":[{"embeddable":true,"href":"https:\/\/www.villagaruti.it\/de\/wp-json\/wp\/v2\/users\/1"}],"replies":[{"embeddable":true,"href":"https:\/\/www.villagaruti.it\/de\/wp-json\/wp\/v2\/comments?post=2295"}],"version-history":[{"count":4,"href":"https:\/\/www.villagaruti.it\/de\/wp-json\/wp\/v2\/pages\/2295\/revisions"}],"predecessor-version":[{"id":2324,"href":"https:\/\/www.villagaruti.it\/de\/wp-json\/wp\/v2\/pages\/2295\/revisions\/2324"}],"wp:featuredmedia":[{"embeddable":true,"href":"https:\/\/www.villagaruti.it\/de\/wp-json\/wp\/v2\/media\/955"}],"wp:attachment":[{"href":"https:\/\/www.villagaruti.it\/de\/wp-json\/wp\/v2\/media?parent=2295"}],"curies":[{"name":"wp","href":"https:\/\/api.w.org\/{rel}","templated":true}]}}